{"id":211,"date":"2019-04-26T16:56:30","date_gmt":"2019-04-26T16:56:30","guid":{"rendered":"http:\/\/schubertuhren.de\/?page_id=211"},"modified":"2019-05-01T17:03:35","modified_gmt":"2019-05-01T17:03:35","slug":"datenschutz","status":"publish","type":"page","link":"http:\/\/schubertuhren.de\/en\/datenschutz\/","title":{"rendered":"Privacy Policy"},"content":{"rendered":"","protected":false},"excerpt":{"rendered":"","protected":false},"author":1,"featured_media":0,"parent":0,"menu_order":0,"comment_status":"closed","ping_status":"closed","template":"","meta":[],"grid":"{\r\n  \"colCount\": 12,\r\n  \"colGutter\": 1,\r\n  \"rowGutters\": [],\r\n  \"frameMargin\": 5,\r\n  \"topFrameMargin\": 200,\r\n  \"bottomFrameMargin\": 5,\r\n  \"rowAttrs\": [\r\n    {}\r\n  ],\r\n  \"bgColor\": null,\r\n  \"cont\": [\r\n    {\r\n      \"type\": \"text\",\r\n      \"cont\": \"<h1 class=\\\"_sc\\\">Datenschutzerkl\u00e4rung<\/h1><p class=\\\"_Default\\\" style=\\\"text-align: left;\\\">Mit der nachfolgenden Datenschutzerkl\u00e4rung informieren wir Sie \u00fcber Art, Umfang und Zweck der von uns erhobenen, genutzten und verarbeiteten personenbezogenen Daten.<\/p><p class=\\\"_Default\\\" style=\\\"text-align: left;\\\">Verantwortlicher f\u00fcr die Datenverarbeitung ist: Herr Maximilian Schubert, An der Stadtkirche 6, 64283 Darmstadt, Telefon: +49 (0)6251 707 999 2, E-Mail: info@schubertuhren.de<\/p><p class=\\\"_Default\\\" style=\\\"text-align: left;\\\">Unsere Webseite ist aus Sicherheitsgr\u00fcnden verschl\u00fcsselt (SSL-bzw. TLS-Verschl\u00fcsselung).<\/p><p class=\\\"_Default\\\" style=\\\"text-align: left;\\\">Eine verschl\u00fcsselte Verbindung k\u00f6nnen Sie an dem Schlosssymbol in der Browserzeile und der Zeichenfolge \u201ehttps:\/\/\u201c im Browser erkennen.<\/p><p class=\\\"_Default\\\" style=\\\"text-align: left;\\\">Erhebung und Speicherung personenbezogener Daten sowie Art und Zweck von deren Verwendung.<\/p><p>\u00a0<\/p><h1 class=\\\"_sc\\\">Beim Besuch der Website<\/h1><p class=\\\"_Default\\\">Sie k\u00f6nnen unsere Webseite grunds\u00e4tzlich ohne Offenlegung Ihrer Identit\u00e4t nutzen. Beim Aufrufen unserer Website werden durch den auf Ihrem Endger\u00e4t zum Einsatz kommenden Browser automatisch Informationen an den Server unserer Website gesendet. Diese Informationen werden tempor\u00e4r in einem sog. Logfile gespeichert. Folgende Informationen werden dabei ohne Ihr Zutun erfasst und bis zur automatisierten L\u00f6schung gespeichert:<\/p><p class=\\\"_Default\\\">IP-Adresse des anfragenden Rechners, Datum und Uhrzeit des Zugriffs, Name und URL der abgerufenen Datei, Website, von der aus der Zugriff erfolgt (Referrer-URL), verwendeter Browser und ggf. das Betriebssystem Ihres Rechners sowie der Name Ihres Access-Providers. Die genannten Daten werden durch uns zu folgenden Zwecken verarbeitet: Gew\u00e4hrleistung eines reibungslosen Verbindungsaufbaus der Website, Gew\u00e4hrleistung einer komfortablen Nutzung unserer Website, Auswertung der Systemsicherheit und -stabilit\u00e4t sowie zu weiteren administrativen Zwecken.<\/p><p class=\\\"_Default\\\">Die Rechtsgrundlage f\u00fcr die Datenverarbeitung ist Art. 6 Abs. 1 S. 1 lit. f DSGVO. Unser berechtigtes Interesse folgt aus oben aufgelisteten Zwecken zur Datenerhebung. In keinem Fall verwenden wir die erhobenen Daten zu dem Zweck, R\u00fcckschl\u00fcsse auf Ihre Person zu ziehen.<\/p><p class=\\\"_Default\\\">Dar\u00fcber hinaus setzen wir beim Besuch meiner Website Cookies sowie Analysedienste ein. N\u00e4here Erl\u00e4uterungen dazu erhalten Sie unter den Ziffer 5 und 7 dieser Datenschutzerkl\u00e4rung.<\/p><p>\u00a0<\/p><h1 class=\\\"_sc\\\">Weitergabe von Daten<\/h1><p class=\\\"_Default\\\">Eine Weitergabe Ihrer personenbezogenen Daten von uns an Dritte erfolgt nicht.<\/p><p>\u00a0<\/p><h1 class=\\\"_sc\\\">Einsatz von Cookies<\/h1><p class=\\\"_Default\\\">Wir setzen auf unserer Seite Cookies ein. Hierbei handelt es sich um kleine Dateien, die Ihr Browser automatisch erstellt und die auf Ihrem Endger\u00e4t (Laptop, Tablet, Smartphone o.\u00e4.) gespeichert werden, wenn Sie unsere Webseite besuchen. Cookies richten auf Ihrem Endger\u00e4t keinen Schaden an, enthalten keine Viren, Trojaner oder sonstige Schadsoftware.<\/p><p class=\\\"_Default\\\">In dem Cookie werden Informationen abgelegt, die sich jeweils im Zusammenhang mit dem spezifisch eingesetzten Endger\u00e4t ergeben. Dies bedeutet jedoch nicht, dass wir dadurch unmittelbar Kenntnis von Ihrer Identit\u00e4t erhalten.<\/p><p class=\\\"_Default\\\">Der Einsatz von Cookies dient einerseits dazu, die Nutzung unseres Angebots f\u00fcr Sie angenehmer zu gestalten. So setzen wir sogenannte Session-Cookies ein, um zu erkennen, dass Sie einzelne Seiten unserer Website bereits besucht haben. Diese werden nach Verlassen unserer Seite automatisch gel\u00f6scht.<\/p><p class=\\\"_Default\\\">Dar\u00fcber hinaus setzen wir ebenfalls zur Optimierung der Benutzerfreundlichkeit tempor\u00e4re Cookies ein, die f\u00fcr einen bestimmten festgelegten Zeitraum auf Ihrem Endger\u00e4t gespeichert werden. Besuchen Sie unsere Seite erneut, um unsere Leistungen in Anspruch zu nehmen, so wird automatisch erkannt, dass Sie bereits bei uns waren und welche Eingaben und Einstellungen sie get\u00e4tigt haben, um diese nicht noch einmal eingeben zu m\u00fcssen.<\/p><p class=\\\"_Default\\\">Zum anderen setzten wir Cookies ein, um die Nutzung unserer Website statistisch zu erfassen und zum Zwecke der Optimierung unseres Angebotes f\u00fcr Sie auszuwerten (siehe Ziffer 7). Diese Cookies erm\u00f6glichen es uns, bei einem erneuten Besuch unserer Seite automatisch zu erkennen, dass Sie bereits bei uns waren. Diese Cookies werden nach einer jeweils definierten Zeit automatisch gel\u00f6scht.<\/p><p class=\\\"_Default\\\">Die durch Cookies verarbeiteten Daten sind f\u00fcr die genannten Zwecke zur Wahrung unserer berechtigten Interessen sowie der Dritter nach Art. 6 Abs. 1 S. 1 lit. f DSGVO erforderlich.<\/p><p class=\\\"_Default\\\">Die meisten Browser akzeptieren Cookies automatisch. Sie k\u00f6nnen Ihren Browser jedoch so konfigurieren, dass keine Cookies auf Ihrem Computer gespeichert werden oder stets ein Hinweis erscheint, bevor ein neuer Cookie angelegt wird. Die vollst\u00e4ndige Deaktivierung von Cookies kann jedoch dazu f\u00fchren, dass Sie nicht alle Funktionen unserer Website nutzen k\u00f6nnen.<\/p><p>\u00a0<\/p><h1 class=\\\"_sc\\\">Links auf Web-Sites Dritter<\/h1><p class=\\\"_Default\\\">Die auf unserer Webseite ver\u00f6ffentlichten Links werden von uns mit gr\u00f6\u00dftm\u00f6glicher Sorgfalt recherchiert und zusammengestellt. Wir haben jedoch keinen Einfluss auf die aktuelle und zuk\u00fcnftige Gestaltung und Inhalte der verlinkten Seiten. Wir sind nicht f\u00fcr den Inhalt der verkn\u00fcpften Seiten verantwortlich und machen uns den Inhalt dieser Seiten ausdr\u00fccklich nicht zu Eigen. F\u00fcr illegale, fehlerhafte oder unvollst\u00e4ndige Inhalte sowie f\u00fcr Sch\u00e4den, die durch die Nutzung oder Nichtnutzung der Informationen entstehen, haftet allein der Anbieter der Web-Site, auf die verwiesen wurde. Die Haftung desjenigen, der lediglich auf die Ver\u00f6ffentlichung durch einen Link hinweist, ist ausgeschlossen. F\u00fcr fremde Hinweise sind wir nur dann verantwortlich, wenn wir von ihnen, d.h. auch von einem eventuellen rechtswidrigen bzw. strafbaren Inhalt, positive Kenntnis haben und es uns technisch m\u00f6glich und zumutbar ist, deren Nutzung zu verhindern.<\/p><p>\u00a0<\/p><h1 class=\\\"_sc\\\">Analyse und Tracking Tools<\/h1><p class=\\\"_Default\\\">Die im Folgenden aufgef\u00fchrten und von uns eingesetzten Tracking-Ma\u00dfnahmen werden auf Grundlage des Art. 6 Abs. 1 S. 1 lit. f DSGVO durchgef\u00fchrt. Mit den zum Einsatz kommenden Tracking-Ma\u00dfnahmen m\u00f6chten wir eine bedarfsgerechte Gestaltung und die fortlaufende Optimierung unserer Webseite sicherstellen. Zum anderen setzen wir die Tracking-Ma\u00dfnahmen ein, um die Nutzung unserer Webseite statistisch zu erfassen und zum Zwecke der Optimierung unseres Angebotes f\u00fcr Sie auszuwerten. Diese Interessen sind als berechtigt im Sinne der vorgenannten Vorschrift anzusehen.<\/p><p class=\\\"_Default\\\">Die jeweiligen Datenverarbeitungszwecke und Datenkategorien sind aus den entsprechenden Tracking-Tools zu entnehmen.<\/p><p>\u00a0<\/p><h1 class=\\\"_sc\\\">Betroffenenrechte<\/h1><p class=\\\"_Default\\\">Sie haben gegen\u00fcber dem f\u00fcr die Datenverarbeitung Verantwortlichen folgende Rechte:<\/p><p class=\\\"_Default\\\">- Recht auf Widerruf erteilter Einwilligungen, Art. 7 Abs. 3 DSGVO<br \/>- Auskunftsrecht, Art. 15 DSGVO<br \/>- Recht auf Berichtigung, Art. 16 DSGVO<br \/>- Recht auf L\u00f6schung, Art. 17 DSGVO<br \/>- Recht auf Einschr\u00e4nkung der Verarbeitung, Art. 18 DSGVO<br \/>- Recht auf Daten\u00fcbertragbarkeit, Art. 20 DSGVO<br \/>- Recht auf Beschwerde bei einer Aufsichtsbeh\u00f6rde, Art. 77 DSGVO<\/p><p class=\\\"_Default\\\">\u00a0<\/p><h1 class=\\\"_sc\\\">Widerspruchsrecht<\/h1><p class=\\\"_Default\\\">Sofern Ihre personenbezogenen Daten auf Grundlage von berechtigten Interessen gem\u00e4\u00df Art. 6 Abs. 1 S. 1 lit. f DSGVO verarbeitet werden, haben Sie das Recht, gem\u00e4\u00df Art. 21 DSGVO Widerspruch gegen die Verarbeitung Ihrer personenbezogenen Daten einzulegen, soweit daf\u00fcr Gr\u00fcnde vorliegen, die sich aus Ihrer besonderen Situation ergeben oder sich der Widerspruch gegen Direktwerbung richtet. Im letzteren Fall haben Sie ein generelles Widerspruchsrecht, das ohne Angabe einer besonderen Situation von uns umgesetzt wird.<\/p><p class=\\\"_Default\\\">M\u00f6chten Sie von Ihrem Widerspruchsrecht Gebrauch machen, gen\u00fcgt eine E-Mail an die Eingangs genannte E-Mail-Adresse des f\u00fcr die Datenverarbeitung Verantwortlichen.<\/p><p class=\\\"_Default\\\">\u00a0<\/p><h1 class=\\\"_sc\\\">Datensicherheit<\/h1><p class=\\\"_Default\\\">Wir verwenden innerhalb des Website-Besuchs das verbreitete SSL-Verfahren (Secure Socket Layer) in Verbindung mit der jeweils h\u00f6chsten Verschl\u00fcsselungsstufe, die von Ihrem Browser unterst\u00fctzt wird. In der Regel handelt es sich dabei um eine 256 Bit Verschl\u00fcsselung. Falls Ihr Browser keine 256-Bit Verschl\u00fcsselung unterst\u00fctzt, greifen wir stattdessen auf 128-Bit v3 Technologie zur\u00fcck. Ob eine einzelne Seite unseres Internetauftrittes verschl\u00fcsselt \u00fcbertragen wird, erkennen Sie an der geschlossenen Darstellung des Sch\u00fcssel- beziehungsweise Schloss-Symbols in der unteren Statusleiste Ihres Browsers.<\/p><p class=\\\"_Default\\\">Wir bedienen uns im \u00dcbrigen geeigneter technischer und organisatorischer Sicherheitsma\u00dfnahmen, um Ihre Daten gegen zuf\u00e4llige oder vors\u00e4tzliche Manipulationen, teilweisen oder vollst\u00e4ndigen Verlust, Zerst\u00f6rung oder gegen den unbefugten Zugriff Dritter zu sch\u00fctzen. Unsere Sicherheitsma\u00dfnahmen werden entsprechend der technologischen Entwicklung fortlaufend verbessert.<\/p>\",\r\n      \"align\": \"top\",\r\n      \"row\": 0,\r\n      \"col\": 0,\r\n      \"colspan\": 12,\r\n      \"offsetx\": 0,\r\n      \"offsety\": 0,\r\n      \"spaceabove\": 0,\r\n      \"spacebelow\": 0,\r\n      \"yvel\": 1,\r\n      \"push\": 0,\r\n      \"relid\": 4,\r\n      \"classes\": \"text-area\"\r\n    }\r\n  ]\r\n}","phonegrid":"{\r\n  \"colCount\": 12,\r\n  \"colGutter\": 1,\r\n  \"rowGutters\": [],\r\n  \"frameMargin\": 5,\r\n  \"topFrameMargin\": 110,\r\n  \"bottomFrameMargin\": 5,\r\n  \"rowAttrs\": [\r\n    {}\r\n  ],\r\n  \"bgColor\": null,\r\n  \"cont\": [\r\n    {\r\n      \"type\": \"text\",\r\n      \"cont\": \"<h1 class=\\\"_sc\\\">Datenschutzerkl\u00e4rung<\/h1><p class=\\\"_Default\\\" style=\\\"text-align: left;\\\">Mit der nachfolgenden Datenschutzerkl\u00e4rung informieren wir Sie \u00fcber Art, Umfang und Zweck der von uns erhobenen, genutzten und verarbeiteten personenbezogenen Daten.<\/p><p class=\\\"_Default\\\" style=\\\"text-align: left;\\\">Verantwortlicher f\u00fcr die Datenverarbeitung ist: Herr Maximilian Schubert, An der Stadtkirche 6, 64283 Darmstadt, Telefon: +49 (0)6251 707 999 2, E-Mail: info@schubertuhren.de<\/p><p class=\\\"_Default\\\" style=\\\"text-align: left;\\\">Unsere Webseite ist aus Sicherheitsgr\u00fcnden verschl\u00fcsselt (SSL-bzw. TLS-Verschl\u00fcsselung).<\/p><p class=\\\"_Default\\\" style=\\\"text-align: left;\\\">Eine verschl\u00fcsselte Verbindung k\u00f6nnen Sie an dem Schlosssymbol in der Browserzeile und der Zeichenfolge \u201ehttps:\/\/\u201c im Browser erkennen.<\/p><p class=\\\"_Default\\\" style=\\\"text-align: left;\\\">Erhebung und Speicherung personenbezogener Daten sowie Art und Zweck von deren Verwendung.<\/p><p>\u00a0<\/p><h1 class=\\\"_sc\\\">Beim Besuch der Website<\/h1><p class=\\\"_Default\\\">Sie k\u00f6nnen unsere Webseite grunds\u00e4tzlich ohne Offenlegung Ihrer Identit\u00e4t nutzen. Beim Aufrufen unserer Website werden durch den auf Ihrem Endger\u00e4t zum Einsatz kommenden Browser automatisch Informationen an den Server unserer Website gesendet. Diese Informationen werden tempor\u00e4r in einem sog. Logfile gespeichert. Folgende Informationen werden dabei ohne Ihr Zutun erfasst und bis zur automatisierten L\u00f6schung gespeichert:<\/p><p class=\\\"_Default\\\">IP-Adresse des anfragenden Rechners, Datum und Uhrzeit des Zugriffs, Name und URL der abgerufenen Datei, Website, von der aus der Zugriff erfolgt (Referrer-URL), verwendeter Browser und ggf. das Betriebssystem Ihres Rechners sowie der Name Ihres Access-Providers. Die genannten Daten werden durch uns zu folgenden Zwecken verarbeitet: Gew\u00e4hrleistung eines reibungslosen Verbindungsaufbaus der Website, Gew\u00e4hrleistung einer komfortablen Nutzung unserer Website, Auswertung der Systemsicherheit und -stabilit\u00e4t sowie zu weiteren administrativen Zwecken.<\/p><p class=\\\"_Default\\\">Die Rechtsgrundlage f\u00fcr die Datenverarbeitung ist Art. 6 Abs. 1 S. 1 lit. f DSGVO. Unser berechtigtes Interesse folgt aus oben aufgelisteten Zwecken zur Datenerhebung. In keinem Fall verwenden wir die erhobenen Daten zu dem Zweck, R\u00fcckschl\u00fcsse auf Ihre Person zu ziehen.<\/p><p class=\\\"_Default\\\">Dar\u00fcber hinaus setzen wir beim Besuch meiner Website Cookies sowie Analysedienste ein. N\u00e4here Erl\u00e4uterungen dazu erhalten Sie unter den Ziffer 5 und 7 dieser Datenschutzerkl\u00e4rung.<\/p><p>\u00a0<\/p><h1 class=\\\"_sc\\\">Weitergabe von Daten<\/h1><p class=\\\"_Default\\\">Eine Weitergabe Ihrer personenbezogenen Daten von uns an Dritte erfolgt nicht.<\/p><p>\u00a0<\/p><h1 class=\\\"_sc\\\">Einsatz von Cookies<\/h1><p class=\\\"_Default\\\">Wir setzen auf unserer Seite Cookies ein. Hierbei handelt es sich um kleine Dateien, die Ihr Browser automatisch erstellt und die auf Ihrem Endger\u00e4t (Laptop, Tablet, Smartphone o.\u00e4.) gespeichert werden, wenn Sie unsere Webseite besuchen. Cookies richten auf Ihrem Endger\u00e4t keinen Schaden an, enthalten keine Viren, Trojaner oder sonstige Schadsoftware.<\/p><p class=\\\"_Default\\\">In dem Cookie werden Informationen abgelegt, die sich jeweils im Zusammenhang mit dem spezifisch eingesetzten Endger\u00e4t ergeben. Dies bedeutet jedoch nicht, dass wir dadurch unmittelbar Kenntnis von Ihrer Identit\u00e4t erhalten.<\/p><p class=\\\"_Default\\\">Der Einsatz von Cookies dient einerseits dazu, die Nutzung unseres Angebots f\u00fcr Sie angenehmer zu gestalten. So setzen wir sogenannte Session-Cookies ein, um zu erkennen, dass Sie einzelne Seiten unserer Website bereits besucht haben. Diese werden nach Verlassen unserer Seite automatisch gel\u00f6scht.<\/p><p class=\\\"_Default\\\">Dar\u00fcber hinaus setzen wir ebenfalls zur Optimierung der Benutzerfreundlichkeit tempor\u00e4re Cookies ein, die f\u00fcr einen bestimmten festgelegten Zeitraum auf Ihrem Endger\u00e4t gespeichert werden. Besuchen Sie unsere Seite erneut, um unsere Leistungen in Anspruch zu nehmen, so wird automatisch erkannt, dass Sie bereits bei uns waren und welche Eingaben und Einstellungen sie get\u00e4tigt haben, um diese nicht noch einmal eingeben zu m\u00fcssen.<\/p><p class=\\\"_Default\\\">Zum anderen setzten wir Cookies ein, um die Nutzung unserer Website statistisch zu erfassen und zum Zwecke der Optimierung unseres Angebotes f\u00fcr Sie auszuwerten (siehe Ziffer 7). Diese Cookies erm\u00f6glichen es uns, bei einem erneuten Besuch unserer Seite automatisch zu erkennen, dass Sie bereits bei uns waren. Diese Cookies werden nach einer jeweils definierten Zeit automatisch gel\u00f6scht.<\/p><p class=\\\"_Default\\\">Die durch Cookies verarbeiteten Daten sind f\u00fcr die genannten Zwecke zur Wahrung unserer berechtigten Interessen sowie der Dritter nach Art. 6 Abs. 1 S. 1 lit. f DSGVO erforderlich.<\/p><p class=\\\"_Default\\\">Die meisten Browser akzeptieren Cookies automatisch. Sie k\u00f6nnen Ihren Browser jedoch so konfigurieren, dass keine Cookies auf Ihrem Computer gespeichert werden oder stets ein Hinweis erscheint, bevor ein neuer Cookie angelegt wird. Die vollst\u00e4ndige Deaktivierung von Cookies kann jedoch dazu f\u00fchren, dass Sie nicht alle Funktionen unserer Website nutzen k\u00f6nnen.<\/p><p>\u00a0<\/p><h1 class=\\\"_sc\\\">Links auf Web-Sites Dritter<\/h1><p class=\\\"_Default\\\">Die auf unserer Webseite ver\u00f6ffentlichten Links werden von uns mit gr\u00f6\u00dftm\u00f6glicher Sorgfalt recherchiert und zusammengestellt. Wir haben jedoch keinen Einfluss auf die aktuelle und zuk\u00fcnftige Gestaltung und Inhalte der verlinkten Seiten. Wir sind nicht f\u00fcr den Inhalt der verkn\u00fcpften Seiten verantwortlich und machen uns den Inhalt dieser Seiten ausdr\u00fccklich nicht zu Eigen. F\u00fcr illegale, fehlerhafte oder unvollst\u00e4ndige Inhalte sowie f\u00fcr Sch\u00e4den, die durch die Nutzung oder Nichtnutzung der Informationen entstehen, haftet allein der Anbieter der Web-Site, auf die verwiesen wurde. Die Haftung desjenigen, der lediglich auf die Ver\u00f6ffentlichung durch einen Link hinweist, ist ausgeschlossen. F\u00fcr fremde Hinweise sind wir nur dann verantwortlich, wenn wir von ihnen, d.h. auch von einem eventuellen rechtswidrigen bzw. strafbaren Inhalt, positive Kenntnis haben und es uns technisch m\u00f6glich und zumutbar ist, deren Nutzung zu verhindern.<\/p><p>\u00a0<\/p><h1 class=\\\"_sc\\\">Analyse und Tracking Tools<\/h1><p class=\\\"_Default\\\">Die im Folgenden aufgef\u00fchrten und von uns eingesetzten Tracking-Ma\u00dfnahmen werden auf Grundlage des Art. 6 Abs. 1 S. 1 lit. f DSGVO durchgef\u00fchrt. Mit den zum Einsatz kommenden Tracking-Ma\u00dfnahmen m\u00f6chten wir eine bedarfsgerechte Gestaltung und die fortlaufende Optimierung unserer Webseite sicherstellen. Zum anderen setzen wir die Tracking-Ma\u00dfnahmen ein, um die Nutzung unserer Webseite statistisch zu erfassen und zum Zwecke der Optimierung unseres Angebotes f\u00fcr Sie auszuwerten. Diese Interessen sind als berechtigt im Sinne der vorgenannten Vorschrift anzusehen.<\/p><p class=\\\"_Default\\\">Die jeweiligen Datenverarbeitungszwecke und Datenkategorien sind aus den entsprechenden Tracking-Tools zu entnehmen.<\/p><p>\u00a0<\/p><h1 class=\\\"_sc\\\">Betroffenenrechte<\/h1><p class=\\\"_Default\\\">Sie haben gegen\u00fcber dem f\u00fcr die Datenverarbeitung Verantwortlichen folgende Rechte:<\/p><p class=\\\"_Default\\\">- Recht auf Widerruf erteilter Einwilligungen, Art. 7 Abs. 3 DSGVO<br \/>- Auskunftsrecht, Art. 15 DSGVO<br \/>- Recht auf Berichtigung, Art. 16 DSGVO<br \/>- Recht auf L\u00f6schung, Art. 17 DSGVO<br \/>- Recht auf Einschr\u00e4nkung der Verarbeitung, Art. 18 DSGVO<br \/>- Recht auf Daten\u00fcbertragbarkeit, Art. 20 DSGVO<br \/>- Recht auf Beschwerde bei einer Aufsichtsbeh\u00f6rde, Art. 77 DSGVO<\/p><p class=\\\"_Default\\\">\u00a0<\/p><h1 class=\\\"_sc\\\">Widerspruchsrecht<\/h1><p class=\\\"_Default\\\">Sofern Ihre personenbezogenen Daten auf Grundlage von berechtigten Interessen gem\u00e4\u00df Art. 6 Abs. 1 S. 1 lit. f DSGVO verarbeitet werden, haben Sie das Recht, gem\u00e4\u00df Art. 21 DSGVO Widerspruch gegen die Verarbeitung Ihrer personenbezogenen Daten einzulegen, soweit daf\u00fcr Gr\u00fcnde vorliegen, die sich aus Ihrer besonderen Situation ergeben oder sich der Widerspruch gegen Direktwerbung richtet. Im letzteren Fall haben Sie ein generelles Widerspruchsrecht, das ohne Angabe einer besonderen Situation von uns umgesetzt wird.<\/p><p class=\\\"_Default\\\">M\u00f6chten Sie von Ihrem Widerspruchsrecht Gebrauch machen, gen\u00fcgt eine E-Mail an die Eingangs genannte E-Mail-Adresse des f\u00fcr die Datenverarbeitung Verantwortlichen.<\/p><p class=\\\"_Default\\\">\u00a0<\/p><h1 class=\\\"_sc\\\">Datensicherheit<\/h1><p class=\\\"_Default\\\">Wir verwenden innerhalb des Website-Besuchs das verbreitete SSL-Verfahren (Secure Socket Layer) in Verbindung mit der jeweils h\u00f6chsten Verschl\u00fcsselungsstufe, die von Ihrem Browser unterst\u00fctzt wird. In der Regel handelt es sich dabei um eine 256 Bit Verschl\u00fcsselung. Falls Ihr Browser keine 256-Bit Verschl\u00fcsselung unterst\u00fctzt, greifen wir stattdessen auf 128-Bit v3 Technologie zur\u00fcck. Ob eine einzelne Seite unseres Internetauftrittes verschl\u00fcsselt \u00fcbertragen wird, erkennen Sie an der geschlossenen Darstellung des Sch\u00fcssel- beziehungsweise Schloss-Symbols in der unteren Statusleiste Ihres Browsers.<\/p><p class=\\\"_Default\\\">Wir bedienen uns im \u00dcbrigen geeigneter technischer und organisatorischer Sicherheitsma\u00dfnahmen, um Ihre Daten gegen zuf\u00e4llige oder vors\u00e4tzliche Manipulationen, teilweisen oder vollst\u00e4ndigen Verlust, Zerst\u00f6rung oder gegen den unbefugten Zugriff Dritter zu sch\u00fctzen. Unsere Sicherheitsma\u00dfnahmen werden entsprechend der technologischen Entwicklung fortlaufend verbessert.<\/p>\",\r\n      \"align\": \"bottom\",\r\n      \"row\": 0,\r\n      \"col\": 0,\r\n      \"colspan\": 12,\r\n      \"offsetx\": 0,\r\n      \"offsety\": 0,\r\n      \"spaceabove\": 0,\r\n      \"spacebelow\": 0,\r\n      \"yvel\": 1,\r\n      \"push\": 0,\r\n      \"relid\": 4,\r\n      \"classes\": \"text-area\"\r\n    }\r\n  ]\r\n}","_links":{"self":[{"href":"http:\/\/schubertuhren.de\/en\/wp-json\/wp\/v2\/pages\/211"}],"collection":[{"href":"http:\/\/schubertuhren.de\/en\/wp-json\/wp\/v2\/pages"}],"about":[{"href":"http:\/\/schubertuhren.de\/en\/wp-json\/wp\/v2\/types\/page"}],"author":[{"embeddable":true,"href":"http:\/\/schubertuhren.de\/en\/wp-json\/wp\/v2\/users\/1"}],"replies":[{"embeddable":true,"href":"http:\/\/schubertuhren.de\/en\/wp-json\/wp\/v2\/comments?post=211"}],"version-history":[{"count":0,"href":"http:\/\/schubertuhren.de\/en\/wp-json\/wp\/v2\/pages\/211\/revisions"}],"wp:attachment":[{"href":"http:\/\/schubertuhren.de\/en\/wp-json\/wp\/v2\/media?parent=211"}],"curies":[{"name":"wp","href":"https:\/\/api.w.org\/{rel}","templated":true}]}}