{"id":37,"date":"2019-03-28T10:23:51","date_gmt":"2019-03-28T07:48:35","guid":{"rendered":"http:\/\/schubertuhren.de\/werkstatt-2\/"},"modified":"2021-01-28T16:38:27","modified_gmt":"2021-01-28T16:38:27","slug":"kontakt","status":"publish","type":"page","link":"http:\/\/schubertuhren.de\/en\/kontakt\/","title":{"rendered":"\u2163: Contact"},"content":{"rendered":"","protected":false},"excerpt":{"rendered":"","protected":false},"author":1,"featured_media":0,"parent":0,"menu_order":0,"comment_status":"closed","ping_status":"closed","template":"","meta":[],"grid":"{\r\n  \"colCount\": 12,\r\n  \"colGutter\": 1,\r\n  \"rowGutters\": [\r\n    7.5,\r\n    7.5,\r\n    7.5\r\n  ],\r\n  \"frameMargin\": 2.5,\r\n  \"topFrameMargin\": 200,\r\n  \"bottomFrameMargin\": 10,\r\n  \"rowAttrs\": [\r\n    {},\r\n    {},\r\n    {},\r\n    {}\r\n  ],\r\n  \"bgColor\": null,\r\n  \"cont\": [\r\n    {\r\n      \"type\": \"text\",\r\n      \"cont\": \"<p style=\\\"text-align: center;\\\"><span style=\\\"color: #ff0000;\\\">*** An English version will follow very soon \u2013 sorry! ***<\/span><\/p><p class=\\\"_Justify\\\">Besonders im Zeitalter des Internets, halte ich einen pers\u00f6nlichen Kontakt mit meinen Kunden f\u00fcr unerl\u00e4sslich, denn das pers\u00f6nliche Gespr\u00e4ch ist oft der erste Schritt auf dem Weg zur L\u00f6sung ihres Projekts. Vielleicht wollen sie mir auch einfach nur \u00fcber die Schulter schauen \u2013 kein Problem! Schreiben Sie mir eine E-Mail oder rufen Sie mich an. Ich nehme mir gerne Zeit f\u00fcr Sie.<\/p>\",\r\n      \"align\": \"top\",\r\n      \"row\": 0,\r\n      \"col\": 0,\r\n      \"colspan\": 12,\r\n      \"offsetx\": 0,\r\n      \"offsety\": 0,\r\n      \"spaceabove\": 0,\r\n      \"spacebelow\": 0,\r\n      \"yvel\": 1,\r\n      \"push\": 0,\r\n      \"relid\": 4,\r\n      \"frameOverflow\": \"\",\r\n      \"classes\": \"text-area\"\r\n    },\r\n    {\r\n      \"type\": \"text\",\r\n      \"cont\": \"<p style=\\\"text-align: center;\\\"><iframe src=\\\"https:\/\/www.google.com\/maps\/d\/embed?mid=1qnckptXodQaNKeVxGpBWrUQ3v2fdEKBg\\\" width=\\\"800\\\" height=\\\"480\\\"><\/iframe><\/p>\",\r\n      \"align\": \"top\",\r\n      \"row\": 1,\r\n      \"col\": 0,\r\n      \"colspan\": 12,\r\n      \"offsetx\": 0,\r\n      \"offsety\": 0,\r\n      \"spaceabove\": 0,\r\n      \"spacebelow\": 0,\r\n      \"yvel\": 1,\r\n      \"push\": 0,\r\n      \"relid\": 5,\r\n      \"frameOverflow\": \"both\",\r\n      \"dosync\": false\r\n    },\r\n    {\r\n      \"type\": \"text\",\r\n      \"cont\": \"<h1 class=\\\"_sc\\\" style=\\\"text-align: center;\\\">Contact<\/h1><p class=\\\"_Default\\\" style=\\\"text-align: center;\\\"><span class=\\\"s1\\\">info@schubertuhren.de<br \/><\/span><span class=\\\"s1\\\">+49 (0)6251 707 999 2<br \/>www.schubertuhren.de<\/span><\/p>\",\r\n      \"align\": \"middle\",\r\n      \"row\": 2,\r\n      \"col\": 2,\r\n      \"colspan\": 4,\r\n      \"offsetx\": 0,\r\n      \"offsety\": 0,\r\n      \"spaceabove\": 0,\r\n      \"spacebelow\": 0,\r\n      \"yvel\": 1,\r\n      \"push\": 2,\r\n      \"relid\": 62,\r\n      \"frameOverflow\": \"\"\r\n    },\r\n    {\r\n      \"type\": \"text\",\r\n      \"cont\": \"<h1 class=\\\"_sc\\\" style=\\\"text-align: center;\\\">Adress<\/h1><p class=\\\"p1\\\" style=\\\"text-align: center;\\\"><span class=\\\"s1\\\">An der Stadtkirche 5<br \/>64283 Darmstadt<br \/>Germany<\/span><\/p>\",\r\n      \"align\": \"middle\",\r\n      \"row\": 2,\r\n      \"col\": 6,\r\n      \"colspan\": 4,\r\n      \"offsetx\": 0,\r\n      \"offsety\": 0,\r\n      \"spaceabove\": 0,\r\n      \"spacebelow\": 0,\r\n      \"yvel\": 1,\r\n      \"push\": 0,\r\n      \"relid\": 63,\r\n      \"frameOverflow\": \"\"\r\n    },\r\n    {\r\n      \"type\": \"text\",\r\n      \"cont\": \"<h1 class=\\\"_sc\\\" style=\\\"text-align: center;\\\">Opening Hours<\/h1><p class=\\\"_Default\\\" style=\\\"text-align: center;\\\">Tue. \u2013 Sat. 10 am \u2013 1 pm<br \/>Tue, Wed, Fri. 3 pm \u2013 6 pm<br \/>(Appointments via phone or E-Mail)<\/p>\",\r\n      \"align\": \"bottom\",\r\n      \"row\": 3,\r\n      \"col\": 0,\r\n      \"colspan\": 12,\r\n      \"offsetx\": 0,\r\n      \"offsety\": 0,\r\n      \"spaceabove\": 0,\r\n      \"spacebelow\": 0,\r\n      \"yvel\": 1,\r\n      \"push\": 0,\r\n      \"relid\": 64\r\n    }\r\n  ]\r\n}","phonegrid":"{\r\n  \"colCount\": 12,\r\n  \"colGutter\": 1,\r\n  \"rowGutters\": [\r\n    20,\r\n    20,\r\n    15,\r\n    15\r\n  ],\r\n  \"frameMargin\": 5,\r\n  \"topFrameMargin\": 110,\r\n  \"bottomFrameMargin\": 20,\r\n  \"rowAttrs\": [\r\n    {},\r\n    {},\r\n    {},\r\n    {},\r\n    {}\r\n  ],\r\n  \"bgColor\": null,\r\n  \"cont\": [\r\n    {\r\n      \"type\": \"text\",\r\n      \"cont\": \"<p style=\\\"text-align: center;\\\"><span style=\\\"color: #ff0000;\\\">*** An English version will follow very soon \u2013 sorry! ***<\/span><\/p><p class=\\\"_Justify\\\">Besonders im Zeitalter des Internets, halte ich einen pers\u00f6nlichen Kontakt mit meinen Kunden f\u00fcr unerl\u00e4sslich, denn das pers\u00f6nliche Gespr\u00e4ch ist oft der erste Schritt auf dem Weg zur L\u00f6sung ihres Projekts. Vielleicht wollen sie mir auch einfach nur \u00fcber die Schulter schauen \u2013 kein Problem! Schreiben Sie mir eine E-Mail oder rufen Sie mich an. Ich nehme mir gerne Zeit f\u00fcr Sie.<\/p>\",\r\n      \"align\": \"bottom\",\r\n      \"row\": 0,\r\n      \"col\": 0,\r\n      \"colspan\": 12,\r\n      \"offsetx\": 0,\r\n      \"offsety\": 0,\r\n      \"spaceabove\": 0,\r\n      \"spacebelow\": 0,\r\n      \"yvel\": 1,\r\n      \"push\": 0,\r\n      \"relid\": 4,\r\n      \"frameOverflow\": \"\",\r\n      \"classes\": \"text-area\"\r\n    },\r\n    {\r\n      \"type\": \"text\",\r\n      \"cont\": \"<p style=\\\"text-align: center;\\\"><iframe src=\\\"https:\/\/www.google.com\/maps\/d\/embed?mid=1qnckptXodQaNKeVxGpBWrUQ3v2fdEKBg\\\" width=\\\"800\\\" height=\\\"480\\\"><\/iframe><\/p>\",\r\n      \"align\": \"top\",\r\n      \"row\": 1,\r\n      \"col\": 0,\r\n      \"colspan\": 12,\r\n      \"offsetx\": 0,\r\n      \"offsety\": 0,\r\n      \"spaceabove\": 0,\r\n      \"spacebelow\": 0,\r\n      \"yvel\": 1,\r\n      \"push\": 0,\r\n      \"relid\": 5,\r\n      \"frameOverflow\": \"both\",\r\n      \"dosync\": false\r\n    },\r\n    {\r\n      \"type\": \"text\",\r\n      \"cont\": \"<h1 class=\\\"_sc\\\" style=\\\"text-align: center;\\\">Contact<\/h1><p class=\\\"_Default\\\" style=\\\"text-align: center;\\\"><span class=\\\"s1\\\">info@schubertuhren.de<br \/><\/span><span class=\\\"s1\\\">+49 (0)6251 707 999 2<br \/>www.schubertuhren.de<\/span><\/p>\",\r\n      \"align\": \"bottom\",\r\n      \"row\": 2,\r\n      \"col\": 0,\r\n      \"colspan\": 12,\r\n      \"offsetx\": 0,\r\n      \"offsety\": 0,\r\n      \"spaceabove\": 0,\r\n      \"spacebelow\": 0,\r\n      \"yvel\": 1,\r\n      \"push\": 0,\r\n      \"relid\": 62,\r\n      \"frameOverflow\": \"\"\r\n    },\r\n    {\r\n      \"type\": \"text\",\r\n      \"cont\": \"<h1 class=\\\"_sc\\\" style=\\\"text-align: center;\\\">Adress<\/h1><p class=\\\"p1\\\" style=\\\"text-align: center;\\\"><span class=\\\"s1\\\">An der Stadtkirche 5<br \/>64283 Darmstadt<br \/>Germany<\/span><\/p>\",\r\n      \"align\": \"bottom\",\r\n      \"row\": 3,\r\n      \"col\": 0,\r\n      \"colspan\": 12,\r\n      \"offsetx\": 0,\r\n      \"offsety\": 0,\r\n      \"spaceabove\": 0,\r\n      \"spacebelow\": 0,\r\n      \"yvel\": 1,\r\n      \"push\": 0,\r\n      \"relid\": 63,\r\n      \"frameOverflow\": \"\"\r\n    },\r\n    {\r\n      \"type\": \"text\",\r\n      \"cont\": \"<h1 class=\\\"_sc\\\" style=\\\"text-align: center;\\\">Opening Hours<\/h1><p class=\\\"_Default\\\" style=\\\"text-align: center;\\\">Tue. \u2013 Sat. 10 am \u2013 1 pm<br \/>Tue, Wed, Fri. 3 pm \u2013 6 pm<br \/>(Appointments via phone or E-Mail)<\/p>\",\r\n      \"align\": \"bottom\",\r\n      \"row\": 4,\r\n      \"col\": 0,\r\n      \"colspan\": 12,\r\n      \"offsetx\": 0,\r\n      \"offsety\": 0,\r\n      \"spaceabove\": 0,\r\n      \"spacebelow\": 0,\r\n      \"yvel\": 1,\r\n      \"push\": 0,\r\n      \"relid\": 64\r\n    }\r\n  ]\r\n}","_links":{"self":[{"href":"http:\/\/schubertuhren.de\/en\/wp-json\/wp\/v2\/pages\/37"}],"collection":[{"href":"http:\/\/schubertuhren.de\/en\/wp-json\/wp\/v2\/pages"}],"about":[{"href":"http:\/\/schubertuhren.de\/en\/wp-json\/wp\/v2\/types\/page"}],"author":[{"embeddable":true,"href":"http:\/\/schubertuhren.de\/en\/wp-json\/wp\/v2\/users\/1"}],"replies":[{"embeddable":true,"href":"http:\/\/schubertuhren.de\/en\/wp-json\/wp\/v2\/comments?post=37"}],"version-history":[{"count":0,"href":"http:\/\/schubertuhren.de\/en\/wp-json\/wp\/v2\/pages\/37\/revisions"}],"wp:attachment":[{"href":"http:\/\/schubertuhren.de\/en\/wp-json\/wp\/v2\/media?parent=37"}],"curies":[{"name":"wp","href":"https:\/\/api.w.org\/{rel}","templated":true}]}}