{"id":14,"date":"2019-03-28T07:48:35","date_gmt":"2019-03-28T07:48:35","guid":{"rendered":"http:\/\/schubertuhren.de\/?page_id=14"},"modified":"2019-05-03T08:21:46","modified_gmt":"2019-05-03T08:21:46","slug":"information","status":"publish","type":"page","link":"https:\/\/schubertuhren.de\/it\/information\/","title":{"rendered":"\u2160: Informazione"},"content":{"rendered":"","protected":false},"excerpt":{"rendered":"","protected":false},"author":1,"featured_media":0,"parent":0,"menu_order":0,"comment_status":"closed","ping_status":"closed","template":"","meta":[],"grid":"{\r\n  \"colCount\": 12,\r\n  \"colGutter\": 1,\r\n  \"rowGutters\": [\r\n    7.5,\r\n    10,\r\n    7.5,\r\n    1,\r\n    10\r\n  ],\r\n  \"frameMargin\": 2.5,\r\n  \"topFrameMargin\": 200,\r\n  \"bottomFrameMargin\": 5,\r\n  \"rowAttrs\": [\r\n    {},\r\n    {},\r\n    {},\r\n    {},\r\n    {},\r\n    {}\r\n  ],\r\n  \"bgColor\": null,\r\n  \"cont\": [\r\n    {\r\n      \"type\": \"text\",\r\n      \"cont\": \"<p style=\\\"text-align: center;\\\"><span style=\\\"color: #ff0000;\\\">*** Una versione italiana seguir\u00e0 molto presto \u2014 mi dispiace! ***<\/span><\/p><p>\u00a0<\/p><p class=\\\"_sc\\\">Zur Person<\/p><p class=\\\"_Justify\\\">Ich bin Uhr\u00adma\u00adcher und seit \u00fcber 20 Jahren mit eigener Werk\u00adstatt und habe eine Zusatz\u00adquali\u00ad\u00adfika\u00adtio\u00adn f\u00fcr die Restau\u00adra\u00adtion und Reparatur von hoch\u00adkom\u00adplexen Uhren wie Chrono\u00adgraphen, ewige Kalender* und Rep\u00ade\u00adti\u00adtio\u00adnen**. Schon als Kind wollte ich wis\u00adsen, wie die Dinge im in\u00adneren funk\u00adtion\u00adieren. Als Ju\u00adgend\u00adlicher fing ich fr\u00fch an, mich f\u00fcr Uhren zu in\u00adter\u00adessieren. Deren beson\u00addere Tech\u00adnik, in man\u00adnig\u00adfalti\u00adgen For\u00admen am Handge\u00adlenk ge\u00adtra\u00adgen und dort er\u00adstaunlich ro\u00adbust, fes\u00adselte mich.<\/p><p class=\\\"_Justify\\\">Zun\u00e4chst studierte ich Schiff\u00adbau in Ham\u00adburg. Die Begeis\u00adterung f\u00fcr kom\u00adplexe fein\u00admech\u00ada\u00adnis\u00adche Vorg\u00e4nge liess mich aber nicht los und siegte let\u00adz\u00adtendlich \u00fcber grosse Masse im Schiff\u00adbau (die Fer\u00adti\u00adgungstol\u00ader\u00adanzen sind hier \u00fcbri\u00adgens viel kleiner, als in der Uhr\u00adma\u00adcherei). Ich ab\u00adsolvierte in Ham\u00adburg und Darm\u00adstadt eine Aus\u00adbil\u00addung zum Uhrma\u00adcher und sp\u00e4ter auch eine Spezial\u00adisierung im Bere\u00adich der Uhren\u00adrestau\u00adra\u00adtion.<\/p>\",\r\n      \"align\": \"top\",\r\n      \"row\": 0,\r\n      \"col\": 0,\r\n      \"colspan\": 12,\r\n      \"offsetx\": 0,\r\n      \"offsety\": 0,\r\n      \"spaceabove\": 0,\r\n      \"spacebelow\": 0,\r\n      \"yvel\": 1,\r\n      \"push\": 0,\r\n      \"relid\": 8,\r\n      \"classes\": \"text-area\"\r\n    },\r\n    {\r\n      \"type\": \"img\",\r\n      \"cont\": \"\/wp-content\/uploads\/2019\/04\/Maximilian_Schubert_Portraits_2.jpg\",\r\n      \"align\": \"top\",\r\n      \"row\": 1,\r\n      \"col\": 3,\r\n      \"colspan\": 6,\r\n      \"offsetx\": 0,\r\n      \"offsety\": 0,\r\n      \"spaceabove\": 0,\r\n      \"spacebelow\": 0,\r\n      \"yvel\": 1,\r\n      \"push\": 3,\r\n      \"relid\": 157,\r\n      \"attid\": 248,\r\n      \"sizes\": {\r\n        \"full\": \"\/wp-content\/uploads\/2019\/04\/Maximilian_Schubert_Portraits_2.jpg\",\r\n        \"_1920\": \"\/wp-content\/uploads\/2019\/04\/Maximilian_Schubert_Portraits_2-1920x1429.jpg\",\r\n        \"_1280\": \"\/wp-content\/uploads\/2019\/04\/Maximilian_Schubert_Portraits_2-1280x953.jpg\",\r\n        \"_1024\": \"\/wp-content\/uploads\/2019\/04\/Maximilian_Schubert_Portraits_2-1024x762.jpg\",\r\n        \"_768\": \"\/wp-content\/uploads\/2019\/04\/Maximilian_Schubert_Portraits_2-768x572.jpg\",\r\n        \"_512\": \"\/wp-content\/uploads\/2019\/04\/Maximilian_Schubert_Portraits_2-512x381.jpg\",\r\n        \"_265\": \"\/wp-content\/uploads\/2019\/04\/Maximilian_Schubert_Portraits_2-265x197.jpg\"\r\n      },\r\n      \"w\": 2000,\r\n      \"h\": 1489,\r\n      \"ar\": 0.7445,\r\n      \"alt\": \"\",\r\n      \"frameOverflow\": \"\"\r\n    },\r\n    {\r\n      \"type\": \"text\",\r\n      \"cont\": \"<h1 class=\\\"_sc\\\">Philosophie<\/h1><p class=\\\"_Justify\\\"><span class=\\\"s1\\\">Wir leben in einer Welt, die sich immer schneller zu drehen scheint. Dinge, die gestern als der neueste Schrei erschienen, sind morgen schon veraltet. Hier ist die mechanische Uhr und die Uhrmacherei ein wundersch\u00f6ner Anachronismus. Mechanische Uhren werden seit Jahrzehnten unver\u00e4ndert hergestellt und instand gehalten. Uhren gewinnen nicht selten an Wert, sei es, das sie eben einfach immer wertvoller werden oder f\u00fcr ihren Besitzer an emotionalen Wert gewinnen. Die Armbanduhr von Vater oder Mutter, \u00fcber Jahrzehnte getragen, wird an die Kinder weitergegeben und erz\u00e4hlt deren Geschichte weiter f\u00fcr folgende Generationen. Uhren sind kleine Wunderwerke an Komplexit\u00e4t, Mirokosmen aus Zahnr\u00e4dern, Wellen, Hebeln und Federn, die in erstaunlicher Pr\u00e4zision zusammenwirken, mit geringster Kraft, \u00fcber Jahre, fast ohne Abnutzung. Eine Armbanduhr \u201etickt\u201c im Jahr an die 250 Millionen mal und der Reif ihrer schwingenden Unruh legt dabei eine Wegstrecke von ca. 8000 Kilometern zur\u00fcck \u2014 was f\u00fcr eine Leistung!<\/span><\/p><p class=\\\"_Justify\\\"><span class=\\\"s1\\\">Wenn ich eine Uhr in meine H\u00e4nde nehme, mache ich das immer unter dem Anspruch und dem Grundsatz: hinterlasse keine unn\u00f6tigen Spuren. Deshalb verwende ich in meiner Werkstatt dort besonders \u201eweiche Werkzeuge\u201c, wo m\u00f6glich, um Kratzer\u00adbildung zu vermeiden. Am Ende soll die Uhr wieder die richtige Zeit anzeigen (die Zeit richtig messen) und durch ein frisches Finish gl\u00e4nzen.<\/span><\/p><p class=\\\"_Justify\\\"><span class=\\\"s1\\\">Nach \u00fcber eineinhalb Jahrzenten als H\u00e4ndler von Uhren diverser Marken im Premium- und Luxus\u00adsegment, habe ich mich dazu ent\u00adschieden, nur noch \u201ealte\u201c Uhren, die von mir restauriert werden, anzubieten. Die Gr\u00fcnde dazu sind viel\u00adf\u00e4ltig: Ich bin in der Wahl der Zeit\u00admesser, die ich meinen Kunden anbiete, absolut frei. Ich biete nur an, was meinen Anspr\u00fcchen gen\u00fcgt. Letzt\u00adendlich bin ich auch deshalb selbst\u00adst\u00e4ndig, um mein Gesch\u00e4ft weit\u00adgehend frei von der Uhren\u00adindustrie f\u00fchren zu k\u00f6nnen.<\/span><\/p>\",\r\n      \"align\": \"top\",\r\n      \"row\": 2,\r\n      \"col\": 0,\r\n      \"colspan\": 12,\r\n      \"offsetx\": 0,\r\n      \"offsety\": 0,\r\n      \"spaceabove\": 0,\r\n      \"spacebelow\": 0,\r\n      \"yvel\": 1,\r\n      \"push\": 0,\r\n      \"relid\": 10,\r\n      \"classes\": \"text-area\"\r\n    },\r\n    {\r\n      \"type\": \"hr\",\r\n      \"cont\": \"\",\r\n      \"align\": \"top\",\r\n      \"row\": 3,\r\n      \"col\": 0,\r\n      \"colspan\": 12,\r\n      \"offsetx\": 0,\r\n      \"offsety\": 0,\r\n      \"spaceabove\": 0,\r\n      \"spacebelow\": 0,\r\n      \"yvel\": 1,\r\n      \"push\": 0,\r\n      \"relid\": 7,\r\n      \"classes\": \"text-area\"\r\n    },\r\n    {\r\n      \"type\": \"elementgrid\",\r\n      \"cont\": \"\",\r\n      \"align\": \"top\",\r\n      \"row\": 4,\r\n      \"col\": 0,\r\n      \"colspan\": 12,\r\n      \"offsetx\": 0,\r\n      \"offsety\": 0,\r\n      \"spaceabove\": 0,\r\n      \"spacebelow\": 0,\r\n      \"yvel\": 1,\r\n      \"push\": 0,\r\n      \"relid\": 6,\r\n      \"config\": {\r\n        \"desktop\": {\r\n          \"colCount\": 2,\r\n          \"colGutter\": 4,\r\n          \"rowGutter\": 1\r\n        },\r\n        \"tablet\": {\r\n          \"colCount\": 1,\r\n          \"colGutter\": 1,\r\n          \"rowGutter\": 3\r\n        },\r\n        \"phone\": {\r\n          \"colCount\": 1,\r\n          \"colGutter\": 1,\r\n          \"rowGutter\": 6\r\n        },\r\n        \"layoutType\": \"masonry\",\r\n        \"elements\": [\r\n          {\r\n            \"cont\": \"<p class=\\\"_Zoom\\\">* Als \u00bbEwigen Kalender\u00ab bezeichnet man Uhren, die Tag, Datum, Monat und oft auch Mondphase und Jahr ohne Korrektur bis zum Jahr 2100 fehlerfrei anzeigen. Ber\u00fccksichtigt man die komplizierten Ausnahmen unserer Zeitrechnung des gregorianischen Kalenders, zeigt sich deutlich, was f\u00fcr eine technische Meisterleistung in diesen Uhren steckt.<\/p>\",\r\n            \"type\": \"text\"\r\n          },\r\n          {\r\n            \"cont\": \"<p class=\\\"_Zoom\\\">**\u00a0Ein Repetitionsschlagwerk (lat. repetere: wiederholen) auch Rufschlagwerk oder Zugschlagwerk genannt ist ein in ein Uhrwerk integriertes mechanisches L\u00e4utwerk (synonym Schlagwerk), das zu beliebiger Zeit durch Ziehen einer Schnur, Dr\u00fccken eines Knopfes oder Schiebers ausgel\u00f6st werden kann, und das dann die abgelaufene Stunde, Viertelstunde, Achtelstunde und ggf. Minute auf Glocke oder Tonfeder anschl\u00e4gt.<\/p>\",\r\n            \"type\": \"text\"\r\n          }\r\n        ]\r\n      },\r\n      \"classes\": \"text-area\"\r\n    },\r\n    {\r\n      \"type\": \"text\",\r\n      \"cont\": \"<p class=\\\"_Default\\\" style=\\\"text-align: center;\\\"><span class=\\\"_Underline\\\">Pagina seguente<\/span><\/p><h1 class=\\\"_sc\\\" style=\\\"text-align: center;\\\"><a href=\\\"http:\/\/schubertuhren.de\/taetigkeitsfelder\/\\\" data-type=\\\"page\\\" data-id=\\\"36\\\" data-title=\\\"\u2161: T\u00e4tigkeitsfelder\\\">Parte \u2161: Campi di Attivita <span class=\\\"s1\\\">\u2192<\/span><\/a><\/h1>\",\r\n      \"align\": \"top\",\r\n      \"row\": 5,\r\n      \"col\": 1,\r\n      \"colspan\": 10,\r\n      \"offsetx\": 0,\r\n      \"offsety\": 0,\r\n      \"spaceabove\": 0,\r\n      \"spacebelow\": 0,\r\n      \"yvel\": 1,\r\n      \"push\": 1,\r\n      \"relid\": 5\r\n    }\r\n  ]\r\n}","phonegrid":"{\r\n  \"colCount\": 12,\r\n  \"colGutter\": 1,\r\n  \"rowGutters\": [\r\n    25,\r\n    25,\r\n    10,\r\n    2,\r\n    30\r\n  ],\r\n  \"frameMargin\": 5,\r\n  \"topFrameMargin\": 110,\r\n  \"bottomFrameMargin\": 20,\r\n  \"rowAttrs\": [\r\n    {},\r\n    {},\r\n    {},\r\n    {},\r\n    {},\r\n    {}\r\n  ],\r\n  \"bgColor\": null,\r\n  \"cont\": [\r\n    {\r\n      \"type\": \"text\",\r\n      \"cont\": \"<p style=\\\"text-align: center;\\\"><span style=\\\"color: #ff0000;\\\">*** Una versione italiana seguir\u00e0 molto presto \u2014 mi dispiace! ***<\/span><\/p><p>\u00a0<\/p><p class=\\\"_sc\\\">Zur Person<\/p><p class=\\\"_Justify\\\">Ich bin Uhr\u00adma\u00adcher und seit \u00fcber 20 Jahren mit eigener Werk\u00adstatt und habe eine Zusatz\u00adquali\u00ad\u00adfika\u00adtio\u00adn f\u00fcr die Restau\u00adra\u00adtion und Reparatur von hoch\u00adkom\u00adplexen Uhren wie Chrono\u00adgraphen, ewige Kalender* und Rep\u00ade\u00adti\u00adtio\u00adnen**. Schon als Kind wollte ich wis\u00adsen, wie die Dinge im in\u00adneren funk\u00adtion\u00adieren. Als Ju\u00adgend\u00adlicher fing ich fr\u00fch an, mich f\u00fcr Uhren zu in\u00adter\u00adessieren. Deren beson\u00addere Tech\u00adnik, in man\u00adnig\u00adfalti\u00adgen For\u00admen am Handge\u00adlenk ge\u00adtra\u00adgen und dort er\u00adstaunlich ro\u00adbust, fes\u00adselte mich.<\/p><p class=\\\"_Justify\\\">Zun\u00e4chst studierte ich Schiff\u00adbau in Ham\u00adburg. Die Begeis\u00adterung f\u00fcr kom\u00adplexe fein\u00admech\u00ada\u00adnis\u00adche Vorg\u00e4nge liess mich aber nicht los und siegte let\u00adz\u00adtendlich \u00fcber grosse Masse im Schiff\u00adbau (die Fer\u00adti\u00adgungstol\u00ader\u00adanzen sind hier \u00fcbri\u00adgens viel kleiner, als in der Uhr\u00adma\u00adcherei). Ich ab\u00adsolvierte in Ham\u00adburg und Darm\u00adstadt eine Aus\u00adbil\u00addung zum Uhrma\u00adcher und sp\u00e4ter auch eine Spezial\u00adisierung im Bere\u00adich der Uhren\u00adrestau\u00adra\u00adtion.<\/p>\",\r\n      \"align\": \"middle\",\r\n      \"row\": 0,\r\n      \"col\": 0,\r\n      \"colspan\": 12,\r\n      \"offsetx\": 0,\r\n      \"offsety\": 0,\r\n      \"spaceabove\": 0,\r\n      \"spacebelow\": 0,\r\n      \"yvel\": 1,\r\n      \"push\": 0,\r\n      \"relid\": 8,\r\n      \"classes\": \"text-area\"\r\n    },\r\n    {\r\n      \"type\": \"img\",\r\n      \"cont\": \"\/wp-content\/uploads\/2019\/04\/Maximilian_Schubert_Portraits_2.jpg\",\r\n      \"align\": \"middle\",\r\n      \"row\": 1,\r\n      \"col\": 0,\r\n      \"colspan\": 12,\r\n      \"offsetx\": 0,\r\n      \"offsety\": 0,\r\n      \"spaceabove\": 0,\r\n      \"spacebelow\": 0,\r\n      \"yvel\": 1,\r\n      \"push\": 0,\r\n      \"relid\": 157,\r\n      \"attid\": 248,\r\n      \"sizes\": {\r\n        \"full\": \"\/wp-content\/uploads\/2019\/04\/Maximilian_Schubert_Portraits_2.jpg\",\r\n        \"_1920\": \"\/wp-content\/uploads\/2019\/04\/Maximilian_Schubert_Portraits_2-1920x1429.jpg\",\r\n        \"_1280\": \"\/wp-content\/uploads\/2019\/04\/Maximilian_Schubert_Portraits_2-1280x953.jpg\",\r\n        \"_1024\": \"\/wp-content\/uploads\/2019\/04\/Maximilian_Schubert_Portraits_2-1024x762.jpg\",\r\n        \"_768\": \"\/wp-content\/uploads\/2019\/04\/Maximilian_Schubert_Portraits_2-768x572.jpg\",\r\n        \"_512\": \"\/wp-content\/uploads\/2019\/04\/Maximilian_Schubert_Portraits_2-512x381.jpg\",\r\n        \"_265\": \"\/wp-content\/uploads\/2019\/04\/Maximilian_Schubert_Portraits_2-265x197.jpg\"\r\n      },\r\n      \"w\": 2000,\r\n      \"h\": 1489,\r\n      \"ar\": 0.7445,\r\n      \"alt\": \"\"\r\n    },\r\n    {\r\n      \"type\": \"text\",\r\n      \"cont\": \"<h1 class=\\\"_sc\\\">Philosophie<\/h1><p class=\\\"_Justify\\\"><span class=\\\"s1\\\">Wir leben in einer Welt, die sich immer schneller zu drehen scheint. Dinge, die gestern als der neueste Schrei erschienen, sind morgen schon veraltet. Hier ist die mechanische Uhr und die Uhrmacherei ein wundersch\u00f6ner Anachronismus. Mechanische Uhren werden seit Jahrzehnten unver\u00e4ndert hergestellt und instand gehalten. Uhren gewinnen nicht selten an Wert, sei es, das sie eben einfach immer wertvoller werden oder f\u00fcr ihren Besitzer an emotionalen Wert gewinnen. Die Armbanduhr von Vater oder Mutter, \u00fcber Jahrzehnte getragen, wird an die Kinder weitergegeben und erz\u00e4hlt deren Geschichte weiter f\u00fcr folgende Generationen. Uhren sind kleine Wunderwerke an Komplexit\u00e4t, Mirokosmen aus Zahnr\u00e4dern, Wellen, Hebeln und Federn, die in erstaunlicher Pr\u00e4zision zusammenwirken, mit geringster Kraft, \u00fcber Jahre, fast ohne Abnutzung. Eine Armbanduhr \u201etickt\u201c im Jahr an die 250 Millionen mal und der Reif ihrer schwingenden Unruh legt dabei eine Wegstrecke von ca. 8000 Kilometern zur\u00fcck \u2014 was f\u00fcr eine Leistung!<\/span><\/p><p class=\\\"_Justify\\\"><span class=\\\"s1\\\">Wenn ich eine Uhr in meine H\u00e4nde nehme, mache ich das immer unter dem Anspruch und dem Grundsatz: hinterlasse keine unn\u00f6tigen Spuren. Deshalb verwende ich in meiner Werkstatt dort besonders \u201eweiche Werkzeuge\u201c, wo m\u00f6glich, um Kratzer\u00adbildung zu vermeiden. Am Ende soll die Uhr wieder die richtige Zeit anzeigen (die Zeit richtig messen) und durch ein frisches Finish gl\u00e4nzen.<\/span><\/p><p class=\\\"_Justify\\\"><span class=\\\"s1\\\">Nach \u00fcber eineinhalb Jahrzenten als H\u00e4ndler von Uhren diverser Marken im Premium- und Luxus\u00adsegment, habe ich mich dazu ent\u00adschieden, nur noch \u201ealte\u201c Uhren, die von mir restauriert werden, anzubieten. Die Gr\u00fcnde dazu sind viel\u00adf\u00e4ltig: Ich bin in der Wahl der Zeit\u00admesser, die ich meinen Kunden anbiete, absolut frei. Ich biete nur an, was meinen Anspr\u00fcchen gen\u00fcgt. Letzt\u00adendlich bin ich auch deshalb selbst\u00adst\u00e4ndig, um mein Gesch\u00e4ft weit\u00adgehend frei von der Uhren\u00adindustrie f\u00fchren zu k\u00f6nnen.<\/span><\/p>\",\r\n      \"align\": \"middle\",\r\n      \"row\": 2,\r\n      \"col\": 0,\r\n      \"colspan\": 12,\r\n      \"offsetx\": 0,\r\n      \"offsety\": 0,\r\n      \"spaceabove\": 0,\r\n      \"spacebelow\": 0,\r\n      \"yvel\": 1,\r\n      \"push\": 0,\r\n      \"relid\": 10,\r\n      \"classes\": \"text-area\"\r\n    },\r\n    {\r\n      \"type\": \"hr\",\r\n      \"cont\": \"\",\r\n      \"align\": \"middle\",\r\n      \"row\": 3,\r\n      \"col\": 0,\r\n      \"colspan\": 12,\r\n      \"offsetx\": 0,\r\n      \"offsety\": 0,\r\n      \"spaceabove\": 0,\r\n      \"spacebelow\": 0,\r\n      \"yvel\": 1,\r\n      \"push\": 0,\r\n      \"relid\": 4\r\n    },\r\n    {\r\n      \"type\": \"elementgrid\",\r\n      \"cont\": \"\",\r\n      \"align\": \"top\",\r\n      \"row\": 4,\r\n      \"col\": 0,\r\n      \"colspan\": 10,\r\n      \"offsetx\": 0,\r\n      \"offsety\": 0,\r\n      \"spaceabove\": 0,\r\n      \"spacebelow\": 0,\r\n      \"yvel\": 1,\r\n      \"push\": 0,\r\n      \"relid\": 6,\r\n      \"config\": {\r\n        \"desktop\": {\r\n          \"colCount\": 2,\r\n          \"colGutter\": 4,\r\n          \"rowGutter\": 1\r\n        },\r\n        \"tablet\": {\r\n          \"colCount\": 1,\r\n          \"colGutter\": 1,\r\n          \"rowGutter\": 3\r\n        },\r\n        \"phone\": {\r\n          \"colCount\": 1,\r\n          \"colGutter\": 1,\r\n          \"rowGutter\": 6\r\n        },\r\n        \"layoutType\": \"masonry\",\r\n        \"elements\": [\r\n          {\r\n            \"cont\": \"<p class=\\\"_Zoom\\\">* Als \u00bbEwigen Kalender\u00ab bezeichnet man Uhren, die Tag, Datum, Monat und oft auch Mondphase und Jahr ohne Korrektur bis zum Jahr 2100 fehlerfrei anzeigen. Ber\u00fccksichtigt man die komplizierten Ausnahmen unserer Zeitrechnung des gregorianischen Kalenders, zeigt sich deutlich, was f\u00fcr eine technische Meisterleistung in diesen Uhren steckt.<\/p>\",\r\n            \"type\": \"text\"\r\n          },\r\n          {\r\n            \"cont\": \"<p class=\\\"_Zoom\\\">**\u00a0Ein Repetitionsschlagwerk (lat. repetere: wiederholen) auch Rufschlagwerk oder Zugschlagwerk genannt ist ein in ein Uhrwerk integriertes mechanisches L\u00e4utwerk (synonym Schlagwerk), das zu beliebiger Zeit durch Ziehen einer Schnur, Dr\u00fccken eines Knopfes oder Schiebers ausgel\u00f6st werden kann, und das dann die abgelaufene Stunde, Viertelstunde, Achtelstunde und ggf. Minute auf Glocke oder Tonfeder anschl\u00e4gt.<\/p>\",\r\n            \"type\": \"text\"\r\n          }\r\n        ]\r\n      },\r\n      \"classes\": \"text-area\",\r\n      \"frameOverflow\": \"\"\r\n    },\r\n    {\r\n      \"type\": \"text\",\r\n      \"cont\": \"<p class=\\\"_Default\\\" style=\\\"text-align: center;\\\"><span class=\\\"_Underline\\\">Pagina seguente<\/span><\/p><h1 class=\\\"_sc\\\" style=\\\"text-align: center;\\\"><a href=\\\"http:\/\/schubertuhren.de\/taetigkeitsfelder\/\\\" data-type=\\\"page\\\" data-id=\\\"36\\\" data-title=\\\"\u2161: T\u00e4tigkeitsfelder\\\">Parte \u2161: Campi di Attivita <span class=\\\"s1\\\">\u2192<\/span><\/a><\/h1>\",\r\n      \"align\": \"bottom\",\r\n      \"row\": 5,\r\n      \"col\": 0,\r\n      \"colspan\": 12,\r\n      \"offsetx\": 0,\r\n      \"offsety\": 0,\r\n      \"spaceabove\": 0,\r\n      \"spacebelow\": 0,\r\n      \"yvel\": 1,\r\n      \"push\": 0,\r\n      \"relid\": 5\r\n    }\r\n  ]\r\n}","_links":{"self":[{"href":"https:\/\/schubertuhren.de\/it\/wp-json\/wp\/v2\/pages\/14"}],"collection":[{"href":"https:\/\/schubertuhren.de\/it\/wp-json\/wp\/v2\/pages"}],"about":[{"href":"https:\/\/schubertuhren.de\/it\/wp-json\/wp\/v2\/types\/page"}],"author":[{"embeddable":true,"href":"https:\/\/schubertuhren.de\/it\/wp-json\/wp\/v2\/users\/1"}],"replies":[{"embeddable":true,"href":"https:\/\/schubertuhren.de\/it\/wp-json\/wp\/v2\/comments?post=14"}],"version-history":[{"count":0,"href":"https:\/\/schubertuhren.de\/it\/wp-json\/wp\/v2\/pages\/14\/revisions"}],"wp:attachment":[{"href":"https:\/\/schubertuhren.de\/it\/wp-json\/wp\/v2\/media?parent=14"}],"curies":[{"name":"wp","href":"https:\/\/api.w.org\/{rel}","templated":true}]}}